{"id":8,"date":"2015-02-20T20:12:00","date_gmt":"2015-02-20T20:12:00","guid":{"rendered":"http:\/\/theme-fusion.com\/avada_demos\/law\/?page_id=8"},"modified":"2024-09-23T12:40:38","modified_gmt":"2024-09-23T11:40:38","slug":"home","status":"publish","type":"page","link":"https:\/\/www.ifit-solutions.com\/en\/","title":{"rendered":"Home"},"content":{"rendered":"<p>[et_pb_section fb_built=\"1\u2033 _builder_version=\"4.27.0\u2033 _module_preset=\"default\" background_image=\"http:\/\/www.ifit-solutions.com\/wp-content\/uploads\/2024\/09\/slide-ifit-2000x1125px.jpg\" width=\"100%\" max_width=\"100%\" min_height=\"900px\" global_colors_info=\"{}\"][et_pb_row column_structure=\"1_2,1_2\u2033 _builder_version=\"4.27.0\u2033 _module_preset=\"default\" global_colors_info=\"{}\"][et_pb_column type=\"1_2\u2033 _builder_version=\"4.27.0\u2033 _module_preset=\"default\" global_colors_info=\"{}\"][et_pb_text _builder_version=\"4.27.0\u2033 _module_preset=\"default\" header_text_color=\"#000000\u2033 header_font_size=\"46px\" header_4_text_color=\"#000000\u2033 header_4_font_size=\"21px\" header_4_line_height=\"1.2em\" custom_margin=\"200px|60px|||false|false\" hover_enabled=\"0\u2033 global_colors_info=\"{}\" sticky_enabled=\"0\u2033]<\/p>\n<h1><strong>The smart formula for finding the best IT profiles<\/strong><\/h1>\n<h4>Find the best technical profiles for your projects quickly and easily, hire them on payroll or create a team for a specific project.<\/h4>\n<p>[\/et_pb_text][et_pb_button button_url=\"https:\/\/www.ifit-solutions.com\/formulario-contacto\/\" button_text=\"START NOW\" _builder_version=\"4.27.0\u2033 _module_preset=\"default\" custom_button=\"on\" button_text_size=\"16px\" button_text_color=\"#FFFFFFFF\" button_bg_color=\"#000000\u2033 button_border_border_width=\"2px\" button_border_color=\"#000000\u2033 button_border_radius=\"8px\" button_font=\"Titillium Web|700|||||||\" hover_enabled=\"0\u2033 global_colors_info=\"{}\" sticky_enabled=\"0\u2033][\/et_pbb_button][\/et_pb_column][et_pb_column type=\"1_2\u2033 _builder_version=\"4.27.0\u2033 _module_preset=\"default\" global_colors_info=\"{}\"]][\/et_pb_column][\/et_pb_row][\/et_pb_section]<\/p>","protected":false},"excerpt":{"rendered":"<p>The smart formula to find the best IT profiles Find the best technical profiles for your projects quickly and easily, hire them on payroll or create a team for a specific project.<\/p>","protected":false},"author":2,"featured_media":0,"parent":0,"menu_order":1,"comment_status":"open","ping_status":"closed","template":"","meta":{"_et_pb_use_builder":"on","_et_pb_old_content":"<p>[fullwidth background_color=\"#f5f5f5\" background_image=\"\" background_parallax=\"none\" enable_mobile=\"no\" parallax_speed=\"0.3\" background_repeat=\"no-repeat\" background_position=\"left top\" video_url=\"\" video_aspect_ratio=\"16:9\" video_webm=\"\" video_mp4=\"\" video_ogv=\"\" video_preview_image=\"\" overlay_color=\"\" overlay_opacity=\"0.5\" video_mute=\"yes\" video_loop=\"yes\" fade=\"no\" border_size=\"0px\" border_color=\"\" border_style=\"solid\" padding_top=\"110px\" padding_bottom=\"90px\" padding_left=\"0px\" padding_right=\"0px\" hundred_percent=\"no\" equal_height_columns=\"no\" hide_on_mobile=\"no\" menu_anchor=\"\" class=\"\" id=\"\"][separator style_type=\"single\" top_margin=\"0\" bottom_margin=\"0\" sep_color=\"#f3c300\" border_size=\"5px\" icon=\"\" icon_circle=\"\" icon_circle_color=\"\" width=\"\" alignment=\"center\" class=\"\" id=\"\"][one_full last=\"yes\" spacing=\"no\" center_content=\"no\" hide_on_mobile=\"no\" background_color=\"#ffffff\" background_image=\"\" background_repeat=\"no-repeat\" background_position=\"left top\" hover_type=\"none\" link=\"\" border_position=\"all\" border_size=\"1px\" border_color=\"#e2e2e2\" border_style=\"solid\" padding=\"40px 50px 60px\" margin_top=\"\" margin_bottom=\"\" animation_type=\"\" animation_direction=\"\" animation_speed=\"0.1\" animation_offset=\"\" class=\"green-border\" id=\"\"][fusion_text]<\/p><h3 style=\"text-align: center;\">ABOUT US<\/h3><p>[\/fusion_text][separator style_type=\"none\" top_margin=\"10\" bottom_margin=\"\" sep_color=\"\" border_size=\"\" icon=\"\" icon_circle=\"\" icon_circle_color=\"\" width=\"\" alignment=\"\" class=\"\" id=\"\"][fusion_text]<\/p><p style=\"text-align: center;\">IFIT Solutions Ltd is a young, revolutionary recruitment consultancy specialising in IT, Finance, HR, and Digital Technology. We bring the best solutions to our customers.<\/p><p>[\/fusion_text][separator style_type=\"none\" top_margin=\"10\" bottom_margin=\"\" sep_color=\"\" border_size=\"\" icon=\"\" icon_circle=\"\" icon_circle_color=\"\" width=\"\" alignment=\"\" class=\"\" id=\"\"][button link=\"http:\/\/www.ifit-solutions.com\/about-us\/\" color=\"custom\" size=\"large\" stretch=\"\" type=\"flat\" shape=\"\" target=\"_self\" title=\"\" gradient_colors=\"#3b4251|#3b4251\" gradient_hover_colors=\"#2d3541|#2d3541\" accent_color=\"\" accent_hover_color=\"\" bevel_color=\"\" border_width=\"0px\" icon=\"\" icon_position=\"left\" icon_divider=\"no\" modal=\"\" animation_type=\"0\" animation_direction=\"left\" animation_speed=\"1\" animation_offset=\"\" alignment=\"center\" class=\"\" id=\"\"]LEARN MORE[\/button][\/one_full][one_full last=\"yes\" spacing=\"no\" center_content=\"no\" hide_on_mobile=\"no\" background_color=\"#f5f5f5\" background_image=\"\" background_repeat=\"no-repeat\" background_position=\"left top\" hover_type=\"none\" link=\"\" border_position=\"all\" border_size=\"1px\" border_color=\"#f5f5f5\" border_style=\"solid\" padding=\"40px 50px 10px\" margin_top=\"30px\" margin_bottom=\"-30px\" animation_type=\"0\" animation_direction=\"down\" animation_speed=\"0.1\" animation_offset=\"\" class=\"green-border no-side-borders\" id=\"\"][fusion_text]<a href=\"https:\/\/www.linkedin.com\/posts\/yann-roche-581a37a_congrats-team-ifit-activity-7150451542054150145-GpZT?utm_source=share&utm_medium=member_desktop\" target=\"_blank\" rel=\"noopener\"><img class=\"aligncenter size-medium wp-image-1336\" src=\"http:\/\/www.ifit-solutions.com\/wp-content\/uploads\/2015\/02\/top25-linkedin-300x300.png\" alt=\"top25-linkedin\" width=\"300\" height=\"300\" \/><\/a>[\/fusion_text][\/one_full][\/fullwidth][fullwidth background_color=\"#ffffff\" background_image=\"\" background_parallax=\"none\" enable_mobile=\"no\" parallax_speed=\"0.3\" background_repeat=\"no-repeat\" background_position=\"left top\" video_url=\"\" video_aspect_ratio=\"16:9\" video_webm=\"\" video_mp4=\"\" video_ogv=\"\" video_preview_image=\"\" overlay_color=\"\" overlay_opacity=\"0.5\" video_mute=\"yes\" video_loop=\"yes\" fade=\"no\" border_size=\"1px\" border_color=\"#e2e2e2\" border_style=\"solid\" padding_top=\"75px\" padding_bottom=\"10px\" padding_left=\"0px\" padding_right=\"0px\" hundred_percent=\"no\" equal_height_columns=\"no\" hide_on_mobile=\"no\" menu_anchor=\"\" class=\"\" id=\"\"][content_boxes settings_lvl=\"parent\" layout=\"icon-on-top\" columns=\"4\" icon_align=\"left\" title_size=\"\" title_color=\"\" body_color=\"\" backgroundcolor=\"\" icon_circle=\"\" icon_circle_radius=\"\" iconcolor=\"#ffd800\" circlecolor=\"\" circlebordercolor=\"\" circlebordersize=\"\" outercirclebordercolor=\"\" outercirclebordersize=\"\" icon_size=\"\" icon_hover_type=\"\" hover_accent_color=\"\" link_type=\"\" link_area=\"\" link_target=\"\" animation_delay=\"\" animation_offset=\"\" animation_type=\"0\" animation_direction=\"left\" animation_speed=\"0.1\" margin_top=\"\" margin_bottom=\"\" class=\"\" id=\"\"][content_box title=\"FROM DAY ONE\" icon=\"fa-check\" backgroundcolor=\"#ffffff\" iconcolor=\"#549f97\" circlecolor=\"#ffffff\" circlebordercolor=\"#ffffff\" circlebordersize=\"\" outercirclebordercolor=\"\" outercirclebordersize=\"\" iconrotate=\"\" iconspin=\"no\" image=\"\" image_width=\"35\" image_height=\"35\" link=\"#\" linktext=\"\" link_target=\"_self\" animation_type=\"0\" animation_direction=\"down\" animation_speed=\"0.1\"] [\/content_box][content_box title=\"TEAM OF EXPERTS\" icon=\"fa-check\" backgroundcolor=\"transparent\" iconcolor=\"#549f97\" circlecolor=\"transparent\" circlebordercolor=\"transparent\" circlebordersize=\"\" outercirclebordercolor=\"\" outercirclebordersize=\"\" iconrotate=\"\" iconspin=\"no\" image=\"\" image_width=\"35\" image_height=\"35\" link=\"#\" linktext=\"\" link_target=\"_self\" animation_type=\"0\" animation_direction=\"down\" animation_speed=\"0.1\"] [\/content_box][content_box title=\"KEY SERVICE\" icon=\"fa-check\" backgroundcolor=\"transparent\" iconcolor=\"#549f97\" circlecolor=\"transparent\" circlebordercolor=\"transparent\" circlebordersize=\"\" outercirclebordercolor=\"\" outercirclebordersize=\"\" iconrotate=\"\" iconspin=\"no\" image=\"\" image_width=\"35\" image_height=\"35\" link=\"#\" linktext=\"\" link_target=\"_self\" animation_type=\"0\" animation_direction=\"down\" animation_speed=\"0.1\"] [\/content_box][content_box title=\"EXTENSIVE KNOWLEDGE\" icon=\"fa-check\" backgroundcolor=\"transparent\" iconcolor=\"#549f97\" circlecolor=\"transparent\" circlebordercolor=\"transparent\" circlebordersize=\"\" outercirclebordercolor=\"\" outercirclebordersize=\"\" iconrotate=\"\" iconspin=\"no\" image=\"\" image_width=\"35\" image_height=\"35\" link=\"#\" linktext=\"\" link_target=\"_self\" animation_type=\"0\" animation_direction=\"down\" animation_speed=\"0.1\"] [\/content_box][\/content_boxes][\/fullwidth][fullwidth background_color=\"\" background_image=\"\" background_parallax=\"none\" enable_mobile=\"no\" parallax_speed=\"0.3\" background_repeat=\"no-repeat\" background_position=\"left top\" video_url=\"\" video_aspect_ratio=\"16:9\" video_webm=\"\" video_mp4=\"\" video_ogv=\"\" video_preview_image=\"\" overlay_color=\"\" overlay_opacity=\"0.5\" video_mute=\"yes\" video_loop=\"yes\" fade=\"no\" border_size=\"0px\" border_color=\"\" border_style=\"solid\" padding_top=\"100px\" padding_bottom=\"120px\" padding_left=\"0px\" padding_right=\"0px\" hundred_percent=\"no\" equal_height_columns=\"yes\" hide_on_mobile=\"no\" menu_anchor=\"\" class=\"\" id=\"\"][fusion_text]<\/p><h2 style=\"text-align: center;\">THREE TYPES OF SERVICE<\/h2><p>[\/fusion_text][separator style_type=\"single\" top_margin=\"10\" bottom_margin=\"50\" sep_color=\"#444c56\" border_size=\"\" icon=\"\" icon_circle=\"\" icon_circle_color=\"\" width=\"170px\" alignment=\"center\" class=\"\" id=\"\"][one_third last=\"no\" spacing=\"no\" center_content=\"no\" hide_on_mobile=\"no\" background_color=\"#ffffff\" background_image=\"\" background_repeat=\"no-repeat\" background_position=\"left top\" hover_type=\"none\" link=\"\" border_position=\"all\" border_size=\"1px\" border_color=\"#e2e2e2\" border_style=\"solid\" padding=\"45px\" margin_top=\"\" margin_bottom=\"40px\" animation_type=\"0\" animation_direction=\"down\" animation_speed=\"1\" animation_offset=\"\" class=\"\" id=\"\"][imageframe lightbox=\"yes\" gallery_id=\"\" lightbox_image=\"\" style_type=\"none\" hover_type=\"zoomin\" bordercolor=\"\" bordersize=\"0px\" borderradius=\"0\" stylecolor=\"\" align=\"none\" link=\"\" linktarget=\"_self\" animation_type=\"0\" animation_direction=\"down\" animation_speed=\"0.1\" animation_offset=\"\" hide_on_mobile=\"no\" class=\"\" id=\"\"] <img src=\"http:\/\/www.ifit-solutions.com\/wp-content\/uploads\/2015\/02\/permanent-recruitment1.jpg\" alt=\"\" \/>[\/imageframe][separator style_type=\"none\" top_margin=\"10\" bottom_margin=\"\" sep_color=\"\" border_size=\"\" icon=\"\" icon_circle=\"\" icon_circle_color=\"\" width=\"\" alignment=\"center\" class=\"\" id=\"\"][fusion_text]<\/p><h3 style=\"text-align: center;\">PERMANENT RECRUITMENT<\/h3><p style=\"text-align: center;\">We are able to headhunt the best talent at any level wherever they are based.<\/p><p>[\/fusion_text][\/one_third][one_third last=\"no\" spacing=\"no\" center_content=\"no\" hide_on_mobile=\"no\" background_color=\"#ffffff\" background_image=\"\" background_repeat=\"no-repeat\" background_position=\"left top\" hover_type=\"none\" link=\"\" border_position=\"all\" border_size=\"1px\" border_color=\"#e2e2e2\" border_style=\"solid\" padding=\"45px\" margin_top=\"\" margin_bottom=\"40px\" animation_type=\"0\" animation_direction=\"down\" animation_speed=\"1\" animation_offset=\"\" class=\"\" id=\"\"][imageframe lightbox=\"yes\" gallery_id=\"\" lightbox_image=\"\" style_type=\"none\" hover_type=\"zoomin\" bordercolor=\"\" bordersize=\"0px\" borderradius=\"0\" stylecolor=\"\" align=\"none\" link=\"\" linktarget=\"_self\" animation_type=\"0\" animation_direction=\"down\" animation_speed=\"0.1\" animation_offset=\"\" hide_on_mobile=\"no\" class=\"\" id=\"\"] <img src=\"http:\/\/www.ifit-solutions.com\/wp-content\/uploads\/2015\/02\/contractors.jpg\" alt=\"\" \/>[\/imageframe][separator style_type=\"none\" top_margin=\"10\" bottom_margin=\"\" sep_color=\"\" border_size=\"\" icon=\"\" icon_circle=\"\" icon_circle_color=\"\" width=\"\" alignment=\"center\" class=\"\" id=\"\"][fusion_text]<\/p><h3 style=\"text-align: center;\">CONTRACTORS<\/h3><p style=\"text-align: center;\">We can respond punctually to the need for extra staff drawn from our international network of freelance operators.<\/p><p>[\/fusion_text][\/one_third][one_third last=\"yes\" spacing=\"no\" center_content=\"no\" hide_on_mobile=\"no\" background_color=\"#ffffff\" background_image=\"\" background_repeat=\"no-repeat\" background_position=\"left top\" hover_type=\"none\" link=\"\" border_position=\"all\" border_size=\"1px\" border_color=\"#e2e2e2\" border_style=\"solid\" padding=\"45px\" margin_top=\"\" margin_bottom=\"40px\" animation_type=\"0\" animation_direction=\"down\" animation_speed=\"1\" animation_offset=\"\" class=\"\" id=\"\"][imageframe lightbox=\"yes\" gallery_id=\"\" lightbox_image=\"\" style_type=\"none\" hover_type=\"zoomin\" bordercolor=\"\" bordersize=\"0px\" borderradius=\"0\" stylecolor=\"\" align=\"none\" link=\"\" linktarget=\"_self\" animation_type=\"0\" animation_direction=\"down\" animation_speed=\"0.1\" animation_offset=\"\" hide_on_mobile=\"no\" class=\"\" id=\"\"] <img src=\"http:\/\/www.ifit-solutions.com\/wp-content\/uploads\/2015\/02\/recruitment-project.jpg\" alt=\"\" \/>[\/imageframe][separator style_type=\"none\" top_margin=\"10\" bottom_margin=\"\" sep_color=\"\" border_size=\"\" icon=\"\" icon_circle=\"\" icon_circle_color=\"\" width=\"\" alignment=\"center\" class=\"\" id=\"\"][fusion_text]<\/p><h3 style=\"text-align: center;\">RECRUITMENT PROJECTS<\/h3><p style=\"text-align: center;\">We can provide you with a dedicated account manager who will source, build and administer your Talent pool.<\/p><p>[\/fusion_text][\/one_third][\/fullwidth][fullwidth background_color=\"\" background_image=\"http:\/\/www.ifit-solutions.com\/wp-content\/uploads\/2015\/02\/where-we-work-parallax.jpg\" background_parallax=\"fixed\" enable_mobile=\"no\" parallax_speed=\"0.3\" background_repeat=\"no-repeat\" background_position=\"center center\" video_url=\"\" video_aspect_ratio=\"16:9\" video_webm=\"\" video_mp4=\"\" video_ogv=\"\" video_preview_image=\"\" overlay_color=\"\" overlay_opacity=\"0.5\" video_mute=\"yes\" video_loop=\"yes\" fade=\"no\" border_size=\"0px\" border_color=\"\" border_style=\"solid\" padding_top=\"150px\" padding_bottom=\"160px\" padding_left=\"0px\" padding_right=\"0px\" hundred_percent=\"no\" equal_height_columns=\"no\" hide_on_mobile=\"no\" menu_anchor=\"\" class=\"\" id=\"\"][fusion_text]<\/p><h2 style=\"text-align: center;\"><span style=\"color: #ffffff;\">LET'S WORK TOGETHER<\/span><\/h2><p>[\/fusion_text][separator style_type=\"single\" top_margin=\"10\" bottom_margin=\"30\" sep_color=\"#444c56\" border_size=\"\" icon=\"\" icon_circle=\"\" icon_circle_color=\"\" width=\"170px\" alignment=\"\" class=\"\" id=\"\"][one_sixth last=\"no\" spacing=\"yes\" center_content=\"no\" hide_on_mobile=\"no\" background_color=\"\" background_image=\"\" background_repeat=\"no-repeat\" background_position=\"left top\" hover_type=\"none\" link=\"\" border_position=\"all\" border_size=\"0px\" border_color=\"\" border_style=\"\" padding=\"\" margin_top=\"\" margin_bottom=\"\" animation_type=\"\" animation_direction=\"\" animation_speed=\"0.1\" animation_offset=\"\" class=\"\" id=\"\"][\/one_sixth][two_third last=\"no\" spacing=\"yes\" center_content=\"no\" hide_on_mobile=\"no\" background_color=\"\" background_image=\"\" background_repeat=\"no-repeat\" background_position=\"left top\" hover_type=\"none\" link=\"\" border_position=\"all\" border_size=\"0px\" border_color=\"\" border_style=\"\" padding=\"\" margin_top=\"\" margin_bottom=\"\" animation_type=\"\" animation_direction=\"\" animation_speed=\"0.1\" animation_offset=\"\" class=\"\" id=\"\"][fusion_text]<\/p><h3 style=\"text-align: center; color: #ffffff; font-weight: 400;\">We work as a single united team with market leading firms around the world and give our clients the highest quality advice possible.<\/h3><p>[\/fusion_text][\/two_third][one_sixth last=\"yes\" spacing=\"yes\" center_content=\"no\" hide_on_mobile=\"no\" background_color=\"\" background_image=\"\" background_repeat=\"no-repeat\" background_position=\"left top\" hover_type=\"none\" link=\"\" border_position=\"all\" border_size=\"0px\" border_color=\"\" border_style=\"\" padding=\"\" margin_top=\"\" margin_bottom=\"\" animation_type=\"\" animation_direction=\"\" animation_speed=\"0.1\" animation_offset=\"\" class=\"\" id=\"\"][\/one_sixth][separator style_type=\"none\" top_margin=\"30\" bottom_margin=\"\" sep_color=\"\" border_size=\"\" icon=\"\" icon_circle=\"\" icon_circle_color=\"\" width=\"170px\" alignment=\"\" class=\"\" id=\"\"][button link=\"mailto:contact@ifit-solutions.com\" color=\"default\" size=\"large\" stretch=\"\" type=\"flat\" shape=\"round\" target=\"_self\" title=\"\" gradient_colors=\"#f3c300|#ffd800\" gradient_hover_colors=\"#f2d871|#f3c300\" accent_color=\"\" accent_hover_color=\"\" bevel_color=\"\" border_width=\"0px\" icon=\"\" icon_position=\"left\" icon_divider=\"no\" modal=\"\" animation_type=\"0\" animation_direction=\"left\" animation_speed=\"1\" animation_offset=\"\" alignment=\"center\" class=\"yellow-ifit\" id=\"\"]CONTACT US[\/button][separator style_type=\"none\" top_margin=\"80\" bottom_margin=\"\" sep_color=\"#ffffff\" border_size=\"\" icon=\"\" icon_circle=\"\" icon_circle_color=\"\" width=\"170px\" alignment=\"center\" class=\"\" id=\"\"][one_full last=\"yes\" spacing=\"yes\" center_content=\"no\" hide_on_mobile=\"no\" background_color=\"\" background_image=\"\" background_repeat=\"no-repeat\" background_position=\"left top\" hover_type=\"none\" link=\"\" border_position=\"all\" border_size=\"0px\" border_color=\"\" border_style=\"\" padding=\"\" margin_top=\"\" margin_bottom=\"\" animation_type=\"\" animation_direction=\"\" animation_speed=\"0.1\" animation_offset=\"\" class=\"\" id=\"\"][fusion_text]<a href=\"http:\/\/www.ifit-solutions.com\/wp-content\/uploads\/2024\/04\/logocamara-trazado-camara-ing-blanco.png\"><img class=\"aligncenter wp-image-1348\" src=\"http:\/\/www.ifit-solutions.com\/wp-content\/uploads\/2024\/04\/logocamara-trazado-camara-ing-blanco-300x172.png\" alt=\"logocamara trazado camara ing blanco\" width=\"160\" height=\"92\" \/><\/a>[\/fusion_text][\/one_full][\/fullwidth][one_full last=\"yes\" spacing=\"yes\" center_content=\"no\" hide_on_mobile=\"no\" background_color=\"\" background_image=\"\" background_repeat=\"no-repeat\" background_position=\"left top\" hover_type=\"none\" link=\"\" border_position=\"all\" border_size=\"0px\" border_color=\"\" border_style=\"\" padding=\"\" margin_top=\"\" margin_bottom=\"\" animation_type=\"\" animation_direction=\"\" animation_speed=\"0.1\" animation_offset=\"\" class=\"\" id=\"\"][\/one_full]<\/p>","_et_gb_content_width":"","footnotes":""},"class_list":["post-8","page","type-page","status-publish","hentry"],"yoast_head":"<!-- This site is optimized with the Yoast SEO plugin v27.2 - https:\/\/yoast.com\/product\/yoast-seo-wordpress\/ -->\n<title>Home - IFIT Solutions<\/title>\n<meta name=\"robots\" content=\"index, follow, max-snippet:-1, max-image-preview:large, max-video-preview:-1\" \/>\n<link rel=\"canonical\" href=\"https:\/\/www.ifit-solutions.com\/en\/\" \/>\n<meta property=\"og:locale\" content=\"en_US\" \/>\n<meta property=\"og:type\" content=\"article\" \/>\n<meta property=\"og:title\" content=\"Home - IFIT Solutions\" \/>\n<meta property=\"og:description\" content=\"La f\u00f3rmula inteligente para encontrar los mejores perfiles de IT Encuentra los mejores perfiles t\u00e9cnicos para tus proyectos de forma f\u00e1cil y r\u00e1pida, contr\u00e1talos en n\u00f3mina o crea un equipo para un proyecto concreto\" \/>\n<meta property=\"og:url\" content=\"https:\/\/www.ifit-solutions.com\/en\/\" \/>\n<meta property=\"og:site_name\" content=\"IFIT Solutions\" \/>\n<meta property=\"article:modified_time\" content=\"2024-09-23T11:40:38+00:00\" \/>\n<meta name=\"twitter:card\" content=\"summary_large_image\" \/>\n<meta name=\"twitter:label1\" content=\"Est. reading time\" \/>\n\t<meta name=\"twitter:data1\" content=\"1 minute\" \/>\n<script type=\"application\/ld+json\" class=\"yoast-schema-graph\">{\"@context\":\"https:\/\/schema.org\",\"@graph\":[{\"@type\":\"WebPage\",\"@id\":\"https:\/\/www.ifit-solutions.com\/\",\"url\":\"https:\/\/www.ifit-solutions.com\/\",\"name\":\"Home - IFIT Solutions\",\"isPartOf\":{\"@id\":\"https:\/\/www.ifit-solutions.com\/#website\"},\"datePublished\":\"2015-02-20T20:12:00+00:00\",\"dateModified\":\"2024-09-23T11:40:38+00:00\",\"breadcrumb\":{\"@id\":\"https:\/\/www.ifit-solutions.com\/#breadcrumb\"},\"inLanguage\":\"en-US\",\"potentialAction\":[{\"@type\":\"ReadAction\",\"target\":[\"https:\/\/www.ifit-solutions.com\/\"]}]},{\"@type\":\"BreadcrumbList\",\"@id\":\"https:\/\/www.ifit-solutions.com\/#breadcrumb\",\"itemListElement\":[{\"@type\":\"ListItem\",\"position\":1,\"name\":\"Portada\",\"item\":\"https:\/\/www.ifit-solutions.com\/\"},{\"@type\":\"ListItem\",\"position\":2,\"name\":\"Home\"}]},{\"@type\":\"WebSite\",\"@id\":\"https:\/\/www.ifit-solutions.com\/#website\",\"url\":\"https:\/\/www.ifit-solutions.com\/\",\"name\":\"IFIT Solutions\",\"description\":\"La f\u00f3rmula inteligente para encontrar los mejores perfiles de IT\",\"potentialAction\":[{\"@type\":\"SearchAction\",\"target\":{\"@type\":\"EntryPoint\",\"urlTemplate\":\"https:\/\/www.ifit-solutions.com\/?s={search_term_string}\"},\"query-input\":{\"@type\":\"PropertyValueSpecification\",\"valueRequired\":true,\"valueName\":\"search_term_string\"}}],\"inLanguage\":\"en-US\"}]}<\/script>\n<!-- \/ Yoast SEO plugin. -->","yoast_head_json":{"title":"Home - IFIT Solutions","robots":{"index":"index","follow":"follow","max-snippet":"max-snippet:-1","max-image-preview":"max-image-preview:large","max-video-preview":"max-video-preview:-1"},"canonical":"https:\/\/www.ifit-solutions.com\/en\/","og_locale":"en_US","og_type":"article","og_title":"Home - IFIT Solutions","og_description":"La f\u00f3rmula inteligente para encontrar los mejores perfiles de IT Encuentra los mejores perfiles t\u00e9cnicos para tus proyectos de forma f\u00e1cil y r\u00e1pida, contr\u00e1talos en n\u00f3mina o crea un equipo para un proyecto concreto","og_url":"https:\/\/www.ifit-solutions.com\/en\/","og_site_name":"IFIT Solutions","article_modified_time":"2024-09-23T11:40:38+00:00","twitter_card":"summary_large_image","twitter_misc":{"Est. reading time":"1 minute"},"schema":{"@context":"https:\/\/schema.org","@graph":[{"@type":"WebPage","@id":"https:\/\/www.ifit-solutions.com\/","url":"https:\/\/www.ifit-solutions.com\/","name":"Home - IFIT Solutions","isPartOf":{"@id":"https:\/\/www.ifit-solutions.com\/#website"},"datePublished":"2015-02-20T20:12:00+00:00","dateModified":"2024-09-23T11:40:38+00:00","breadcrumb":{"@id":"https:\/\/www.ifit-solutions.com\/#breadcrumb"},"inLanguage":"en-US","potentialAction":[{"@type":"ReadAction","target":["https:\/\/www.ifit-solutions.com\/"]}]},{"@type":"BreadcrumbList","@id":"https:\/\/www.ifit-solutions.com\/#breadcrumb","itemListElement":[{"@type":"ListItem","position":1,"name":"Portada","item":"https:\/\/www.ifit-solutions.com\/"},{"@type":"ListItem","position":2,"name":"Home"}]},{"@type":"WebSite","@id":"https:\/\/www.ifit-solutions.com\/#website","url":"https:\/\/www.ifit-solutions.com\/","name":"IFIT Solutions","description":"La f\u00f3rmula inteligente para encontrar los mejores perfiles de IT","potentialAction":[{"@type":"SearchAction","target":{"@type":"EntryPoint","urlTemplate":"https:\/\/www.ifit-solutions.com\/?s={search_term_string}"},"query-input":{"@type":"PropertyValueSpecification","valueRequired":true,"valueName":"search_term_string"}}],"inLanguage":"en-US"}]}},"_links":{"self":[{"href":"https:\/\/www.ifit-solutions.com\/en\/wp-json\/wp\/v2\/pages\/8","targetHints":{"allow":["GET"]}}],"collection":[{"href":"https:\/\/www.ifit-solutions.com\/en\/wp-json\/wp\/v2\/pages"}],"about":[{"href":"https:\/\/www.ifit-solutions.com\/en\/wp-json\/wp\/v2\/types\/page"}],"author":[{"embeddable":true,"href":"https:\/\/www.ifit-solutions.com\/en\/wp-json\/wp\/v2\/users\/2"}],"replies":[{"embeddable":true,"href":"https:\/\/www.ifit-solutions.com\/en\/wp-json\/wp\/v2\/comments?post=8"}],"version-history":[{"count":66,"href":"https:\/\/www.ifit-solutions.com\/en\/wp-json\/wp\/v2\/pages\/8\/revisions"}],"predecessor-version":[{"id":1629,"href":"https:\/\/www.ifit-solutions.com\/en\/wp-json\/wp\/v2\/pages\/8\/revisions\/1629"}],"wp:attachment":[{"href":"https:\/\/www.ifit-solutions.com\/en\/wp-json\/wp\/v2\/media?parent=8"}],"curies":[{"name":"wp","href":"https:\/\/api.w.org\/{rel}","templated":true}]}}