{"id":1492,"date":"2024-09-16T13:44:33","date_gmt":"2024-09-16T12:44:33","guid":{"rendered":"https:\/\/www.ifit-solutions.com\/?page_id=1492"},"modified":"2024-10-24T10:05:14","modified_gmt":"2024-10-24T09:05:14","slug":"contact","status":"publish","type":"page","link":"https:\/\/www.ifit-solutions.com\/en\/contact\/","title":{"rendered":"contact"},"content":{"rendered":"<p>[et_pb_section fb_built=\"1\u2033 _builder_version=\"4.27.0\u2033 _module_preset=\"default\" background_image=\"http:\/\/www.ifit-solutions.com\/wp-content\/uploads\/2024\/09\/slide-ifit-2000x1125px.jpg\" background_position=\"center_left\" width=\"100%\" height=\"210px\" global_colors_info=\"{}\"][et_pb_row _builder_version=\"4.27.0\u2033 _module_preset=\"default\" global_colors_info=\"{}\"][et_pb_column type=\"4_4\u2033 _builder_version=\"4.27.0\u2033 _module_preset=\"default\" global_colors_info=\"{}\"][et_pb_text _builder_version=\"4.27.0\u2033 _module_preset=\"default\" header_font_size=\"36px\" global_colors_info=\"{}\"]<\/p>\n<h1><strong>Contact<\/strong><\/h1>\n<p>[\/et_pb_text][\/et_pb_column][\/et_pb_row][\/et_pb_section][et_pb_section fb_built=\"1\u2033 _builder_version=\"4.27.0\u2033 _module_preset=\"default\" background_enable_image=\"off\" background_position=\"center_left\" custom_margin=\"40px||||false|false\" global_colors_info=\"{}\"][et_pb_row _builder_version=\"4.27.0\u2033 _module_preset=\"default\" global_colors_info=\"{}\"][et_pb_column type=\"4_4\u2033 _builder_version=\"4.27.0\u2033 _module_preset=\"default\" global_colors_info=\"{}\"][et_pb_text admin_label=\"Text\" _builder_version=\"4.27.0\u2033 _module_preset=\"default\" text_text_color=\"#000000\u2033 header_text_color=\"#000000\u2033 header_font_size=\"36px\" header_line_height=\"1.1em\" header_4_font=\"|600|||||||\" header_4_line_height=\"1.1em\" global_colors_info=\"{}\"]]<\/p>\n<h4><strong>Where we work<\/strong><\/h4>\n<p>We are headquartered in London, the heart of Europe for new business, and we are looking to expand very quickly. We opened offices in 2014 in Granada (Spain), in 2016 in San Jos\u00e9 in Costa Rica, in 2019 in Mexico and in 2021 in Valencia. We have extensive knowledge of the markets in Europe, the Middle East and the Americas, where we already collaborate with a growing number of clients and partners.<\/p>\n<p>[\/et_pb_text][\/et_pb_column][\/et_pb_row][et_pb_row _builder_version=\"4.27.0\u2033 _module_preset=\"default\" global_colors_info=\"{}\"][et_pb_column type=\"4_4\u2033 _builder_version=\"4.27.0\u2033 _module_preset=\"default\" global_colors_info=\"{}\"][et_pb_image src=\"http:\/\/www.ifit-solutions.com\/wp-content\/uploads\/2024\/09\/mapa-ifit.png\" title_text=\"map-ifit\" _builder_version=\"4.27.0\u2033 _module_preset=\"default\" hover_enabled=\"0\u2033 global_colors_info=\"{}\" sticky_enabled=\"0\u2033][\/et_pb_image][\/et_pb_column][\/et_pb_row][et_pb_row column_structure=\"1_3,1_3,1_3\u2033 _builder_version=\"4.27.0\u2033 _module_preset=\"default\" custom_margin=\"30px||||false|false\" global_colors_info=\"{}\"][et_pb_column type=\"1_3\u2033 _builder_version=\"4.27.0\u2033 _module_preset=\"default\" global_colors_info=\"{}\"][et_pb_text _builder_version=\"4.27.0\u2033 _module_preset=\"default\" global_colors_info=\"{}\"]<\/p>\n<p><strong>CENTRAL. UK OFFICE<\/strong><br \/>124 City Road,<br \/>London, EC1V, 2NX<br \/>T: +44 (0)2030442735<\/p>\n<p>[\/et_pb_text][et_pb_text _builder_version=\"4.27.0\u2033 _module_preset=\"default\" custom_margin=\"30px||||false|false\" global_colors_info=\"{}\"]]<\/p>\n<p><strong>US OFFICE<\/strong><br \/>66 West Flagler Street - Suite 900<br \/>Miami, FL 33130<br \/>T: +1 786 668 3199<\/p>\n<p>[\/et_pb_text][\/et_pb_column][et_pb_column type=\"1_3\u2033 _builder_version=\"4.27.0\u2033 _module_preset=\"default\" global_colors_info=\"{}\"][et_pb_text _builder_version=\"4.27.0\u2033 _module_preset=\"default\" global_colors_info=\"{}\"]]<\/p>\n<p><strong>SPAIN OFFICES<\/strong><br \/>GRANADA<br \/>Plaza Isabel la Cat\u00f3lica 1<br \/>18009 Granada<br \/>T: +34 (0)858990950<\/p>\n<p>VALENCIA<br \/>C\/ Correos, 10 - Pta. 7<br \/>46002 Valencia<br \/>T. +34 680 692 738<\/p>\n<p>[\/et_pb_text][\/et_pb_column][et_pb_column type=\"1_3\u2033 _builder_version=\"4.27.0\u2033 _module_preset=\"default\" global_colors_info=\"{}\"][et_pb_text _builder_version=\"4.27.0\u2033 _module_preset=\"default\" global_colors_info=\"{}\"]]<\/p>\n<p><strong>MEXICO OFFICE<\/strong><br \/>Paseo Hacienda De Echegaray N\u00ba 40,<br \/>Echegaray Forest,<br \/>Naucalpan de Ju\u00e1rez Cp. 53300<\/p>\n<p>[\/et_pb_text][et_pb_text _builder_version=\"4.27.0\u2033 _module_preset=\"default\" custom_margin=\"30px||||false|false\" global_colors_info=\"{}\"]]<\/p>\n<p><strong>COSTA RICA OFFICE<\/strong><br \/>Sunset Office Center, Francisco Peralta,<br \/>Los Yoses, San Jos\u00e9.<br \/>T: +506 40 01 76 61<\/p>\n<p>[\/et_pb_text][\/et_pb_column][\/et_pb_row][\/et_pb_section][et_pb_section fb_built=\"1\u2033 admin_label=\"Parallax\" _builder_version=\"4.27.0\u2033 _module_preset=\"default\" background_image=\"http:\/\/www.ifit-solutions.com\/wp-content\/uploads\/2024\/09\/parallax-ifit-2000x942px.jpg\" background_position=\"center_left\" width=\"100%\" height=\"405px\" global_colors_info=\"{}\"][et_pb_row column_structure=\"1_5,3_5,1_5\u2033 _builder_version=\"4.27.0\u2033 _module_preset=\"default\" global_colors_info=\"{}\"][et_pb_column type=\"1_5\u2033 _builder_version=\"4.27.0\u2033 _module_preset=\"default\" global_colors_info=\"{}\"][\/et_pb_column][et_pb_column type=\"3_5\u2033 _builder_version=\"4.27.0\u2033 _module_preset=\"default\" global_colors_info=\"{}\"][et_pb_text _builder_version=\"4.27.0\u2033 _module_preset=\"default\" header_font_size=\"36px\" header_line_height=\"1.1em\" header_4_font_size=\"21px\" global_colors_info=\"{}\"]]<\/p>\n<h1 style=\"text-align: center;\"><strong>Let's work together<\/strong><\/h1>\n<h4 style=\"text-align: center;\">We work as a united team with market-leading firms around the world and provide our clients with the highest quality advice possible.<\/h4>\n<p>[\/et_pb_text][et_pb_button button_url=\"https:\/\/www.ifit-solutions.com\/formulario-contacto\/\" button_text=\"CONTACT US\" button_alignment=\"center\" _builder_version=\"4.27.0\u2033 _module_preset=\"default\" custom_button=\"on\" button_text_color=\"#FFFFFFFF\" button_font=\"Titillium Web|700|||||||\" global_colors_info=\"{}\"][\/et_pb_button][\/et_pb_column][et_pb_column type=\"1_5\u2033 _builder_version=\"4.27.0\u2033 _module_preset=\"default\" global_colors_info=\"{}\"]][\/et_pb_column][\/et_pb_row][\/et_pb_section]<\/p>","protected":false},"excerpt":{"rendered":"<p>ContactWhere we work We are based in London, the heart of Europe for new business, and we are looking to expand very quickly. We opened offices in 2014 in Granada (Spain), in 2016 in San Jose in Costa Rica, in 2019 in Mexico and in 2021 in Valencia. We have extensive knowledge of the markets in Europe, the Middle East and the [...]<\/p>","protected":false},"author":3,"featured_media":0,"parent":0,"menu_order":0,"comment_status":"closed","ping_status":"closed","template":"","meta":{"_et_pb_use_builder":"on","_et_pb_old_content":"","_et_gb_content_width":"","footnotes":""},"class_list":["post-1492","page","type-page","status-publish","hentry"],"yoast_head":"<!-- This site is optimized with the Yoast SEO plugin v27.2 - https:\/\/yoast.com\/product\/yoast-seo-wordpress\/ -->\n<title>contacto - IFIT Solutions<\/title>\n<meta name=\"robots\" content=\"index, follow, max-snippet:-1, max-image-preview:large, max-video-preview:-1\" \/>\n<link rel=\"canonical\" href=\"https:\/\/www.ifit-solutions.com\/en\/contact\/\" \/>\n<meta property=\"og:locale\" content=\"en_US\" \/>\n<meta property=\"og:type\" content=\"article\" \/>\n<meta property=\"og:title\" content=\"contacto - IFIT Solutions\" \/>\n<meta property=\"og:description\" content=\"ContactoD\u00f3nde trabajamos Nuestra sede se encuentra en Londres, el coraz\u00f3n de Europa para nuevos negocios, y buscamos expandirnos muy r\u00e1pidamente. Abrimos oficinas en 2014 en Granada (Espa\u00f1a), en 2016 en San Jos\u00e9 en Costa Rica, en 2019 en M\u00e9xico y en 2021 en Valencia. Tenemos un amplio conocimiento de los mercados de Europa, Oriente Medio [&hellip;]\" \/>\n<meta property=\"og:url\" content=\"https:\/\/www.ifit-solutions.com\/en\/contact\/\" \/>\n<meta property=\"og:site_name\" content=\"IFIT Solutions\" \/>\n<meta property=\"article:modified_time\" content=\"2024-10-24T09:05:14+00:00\" \/>\n<meta name=\"twitter:card\" content=\"summary_large_image\" \/>\n<meta name=\"twitter:label1\" content=\"Est. reading time\" \/>\n\t<meta name=\"twitter:data1\" content=\"4 minutes\" \/>\n<script type=\"application\/ld+json\" class=\"yoast-schema-graph\">{\"@context\":\"https:\/\/schema.org\",\"@graph\":[{\"@type\":\"WebPage\",\"@id\":\"https:\/\/www.ifit-solutions.com\/contacto\/\",\"url\":\"https:\/\/www.ifit-solutions.com\/contacto\/\",\"name\":\"contacto - IFIT Solutions\",\"isPartOf\":{\"@id\":\"https:\/\/www.ifit-solutions.com\/#website\"},\"datePublished\":\"2024-09-16T12:44:33+00:00\",\"dateModified\":\"2024-10-24T09:05:14+00:00\",\"breadcrumb\":{\"@id\":\"https:\/\/www.ifit-solutions.com\/contacto\/#breadcrumb\"},\"inLanguage\":\"en-US\",\"potentialAction\":[{\"@type\":\"ReadAction\",\"target\":[\"https:\/\/www.ifit-solutions.com\/contacto\/\"]}]},{\"@type\":\"BreadcrumbList\",\"@id\":\"https:\/\/www.ifit-solutions.com\/contacto\/#breadcrumb\",\"itemListElement\":[{\"@type\":\"ListItem\",\"position\":1,\"name\":\"Portada\",\"item\":\"https:\/\/www.ifit-solutions.com\/\"},{\"@type\":\"ListItem\",\"position\":2,\"name\":\"contacto\"}]},{\"@type\":\"WebSite\",\"@id\":\"https:\/\/www.ifit-solutions.com\/#website\",\"url\":\"https:\/\/www.ifit-solutions.com\/\",\"name\":\"IFIT Solutions\",\"description\":\"La f\u00f3rmula inteligente para encontrar los mejores perfiles de IT\",\"potentialAction\":[{\"@type\":\"SearchAction\",\"target\":{\"@type\":\"EntryPoint\",\"urlTemplate\":\"https:\/\/www.ifit-solutions.com\/?s={search_term_string}\"},\"query-input\":{\"@type\":\"PropertyValueSpecification\",\"valueRequired\":true,\"valueName\":\"search_term_string\"}}],\"inLanguage\":\"en-US\"}]}<\/script>\n<!-- \/ Yoast SEO plugin. -->","yoast_head_json":{"title":"contacto - IFIT Solutions","robots":{"index":"index","follow":"follow","max-snippet":"max-snippet:-1","max-image-preview":"max-image-preview:large","max-video-preview":"max-video-preview:-1"},"canonical":"https:\/\/www.ifit-solutions.com\/en\/contact\/","og_locale":"en_US","og_type":"article","og_title":"contacto - IFIT Solutions","og_description":"ContactoD\u00f3nde trabajamos Nuestra sede se encuentra en Londres, el coraz\u00f3n de Europa para nuevos negocios, y buscamos expandirnos muy r\u00e1pidamente. Abrimos oficinas en 2014 en Granada (Espa\u00f1a), en 2016 en San Jos\u00e9 en Costa Rica, en 2019 en M\u00e9xico y en 2021 en Valencia. Tenemos un amplio conocimiento de los mercados de Europa, Oriente Medio [&hellip;]","og_url":"https:\/\/www.ifit-solutions.com\/en\/contact\/","og_site_name":"IFIT Solutions","article_modified_time":"2024-10-24T09:05:14+00:00","twitter_card":"summary_large_image","twitter_misc":{"Est. reading time":"4 minutes"},"schema":{"@context":"https:\/\/schema.org","@graph":[{"@type":"WebPage","@id":"https:\/\/www.ifit-solutions.com\/contacto\/","url":"https:\/\/www.ifit-solutions.com\/contacto\/","name":"contacto - IFIT Solutions","isPartOf":{"@id":"https:\/\/www.ifit-solutions.com\/#website"},"datePublished":"2024-09-16T12:44:33+00:00","dateModified":"2024-10-24T09:05:14+00:00","breadcrumb":{"@id":"https:\/\/www.ifit-solutions.com\/contacto\/#breadcrumb"},"inLanguage":"en-US","potentialAction":[{"@type":"ReadAction","target":["https:\/\/www.ifit-solutions.com\/contacto\/"]}]},{"@type":"BreadcrumbList","@id":"https:\/\/www.ifit-solutions.com\/contacto\/#breadcrumb","itemListElement":[{"@type":"ListItem","position":1,"name":"Portada","item":"https:\/\/www.ifit-solutions.com\/"},{"@type":"ListItem","position":2,"name":"contacto"}]},{"@type":"WebSite","@id":"https:\/\/www.ifit-solutions.com\/#website","url":"https:\/\/www.ifit-solutions.com\/","name":"IFIT Solutions","description":"La f\u00f3rmula inteligente para encontrar los mejores perfiles de IT","potentialAction":[{"@type":"SearchAction","target":{"@type":"EntryPoint","urlTemplate":"https:\/\/www.ifit-solutions.com\/?s={search_term_string}"},"query-input":{"@type":"PropertyValueSpecification","valueRequired":true,"valueName":"search_term_string"}}],"inLanguage":"en-US"}]}},"_links":{"self":[{"href":"https:\/\/www.ifit-solutions.com\/en\/wp-json\/wp\/v2\/pages\/1492","targetHints":{"allow":["GET"]}}],"collection":[{"href":"https:\/\/www.ifit-solutions.com\/en\/wp-json\/wp\/v2\/pages"}],"about":[{"href":"https:\/\/www.ifit-solutions.com\/en\/wp-json\/wp\/v2\/types\/page"}],"author":[{"embeddable":true,"href":"https:\/\/www.ifit-solutions.com\/en\/wp-json\/wp\/v2\/users\/3"}],"replies":[{"embeddable":true,"href":"https:\/\/www.ifit-solutions.com\/en\/wp-json\/wp\/v2\/comments?post=1492"}],"version-history":[{"count":16,"href":"https:\/\/www.ifit-solutions.com\/en\/wp-json\/wp\/v2\/pages\/1492\/revisions"}],"predecessor-version":[{"id":1784,"href":"https:\/\/www.ifit-solutions.com\/en\/wp-json\/wp\/v2\/pages\/1492\/revisions\/1784"}],"wp:attachment":[{"href":"https:\/\/www.ifit-solutions.com\/en\/wp-json\/wp\/v2\/media?parent=1492"}],"curies":[{"name":"wp","href":"https:\/\/api.w.org\/{rel}","templated":true}]}}